{"id":4,"date":"2017-06-12T10:29:05","date_gmt":"2017-06-12T10:29:05","guid":{"rendered":"http:\/\/dev.actuel.rs\/projects\/stop\/index.php\/home-page\/"},"modified":"2023-06-26T06:25:59","modified_gmt":"2023-06-26T06:25:59","slug":"home-page","status":"publish","type":"page","link":"https:\/\/autoskolastop.com\/","title":{"rendered":"Home Page"},"content":{"rendered":"<div id=\"pl-4\" class=\"panel-layout\"><div id=\"pg-4-0\" class=\"panel-grid panel-no-style\"><div id=\"pgc-4-0-0\" class=\"panel-grid-cell\"><div id=\"panel-4-0-0-0\" class=\"so-panel widget widget_circleicon-widget panel-first-child panel-last-child\" data-index=\"0\">\t\t<div class=\"circle-icon-box circle-icon-position-top circle-icon-hide-box circle-icon-size-small\"><div class=\"circle-icon-wrapper\"><div class=\"circle-icon\"><div class=\"fa fa-motorcycle\" style=\"color: #ffcc00\"><\/div><\/div><\/div><h4 style=\"color: #000000\">Kategorija AM<\/h4><p class=\"text\">Mopedi, laki tricikli, laki \u010detvorocikli. Mo\u017ee se polagati sa 16 godina.<\/p><\/div><\/div><\/div><div id=\"pgc-4-0-1\" class=\"panel-grid-cell\"><div id=\"panel-4-0-1-0\" class=\"so-panel widget widget_circleicon-widget panel-first-child panel-last-child\" data-index=\"1\">\t\t<div class=\"circle-icon-box circle-icon-position-top circle-icon-hide-box circle-icon-size-small\"><div class=\"circle-icon-wrapper\"><div class=\"circle-icon\"><div class=\"fa fa-motorcycle\" style=\"color: #ffcc00\"><\/div><\/div><\/div><h4 style=\"color: #000000\">Kategorija A1<\/h4><p class=\"text\">Motocikli \u010dija radna zapremina motora nije ve\u0107a 125 cm3 i snage motora do 11 kW \u010diji odnos snage motora i mase vozila nije ve\u0107i od 0,1 kW\/kg i te\u0161ki tricikli \u010dija snaga motora ne prelazi 15 kW. Mo\u017ee se polagati sa 16 godina.<\/p><\/div><\/div><\/div><div id=\"pgc-4-0-2\" class=\"panel-grid-cell\"><div id=\"panel-4-0-2-0\" class=\"so-panel widget widget_circleicon-widget panel-first-child panel-last-child\" data-index=\"2\">\t\t<div class=\"circle-icon-box circle-icon-position-top circle-icon-hide-box circle-icon-size-small\"><div class=\"circle-icon-wrapper\"><div class=\"circle-icon\"><div class=\"fa fa-motorcycle\" style=\"color: #ffcc00\"><\/div><\/div><\/div><h4 style=\"color: #000000\">Kategorija A2<\/h4><p class=\"text\">Motocikli \u010dija snaga motora nije ve\u0107a od 35 kW i \u010diji odnos snage motora i mase vozila nije ve\u0107i od 0,2 kW\/kg. Mo\u017ee se polagati sa 18 god.<\/p><\/div><\/div><\/div><div id=\"pgc-4-0-3\" class=\"panel-grid-cell\"><div id=\"panel-4-0-3-0\" class=\"so-panel widget widget_circleicon-widget panel-first-child panel-last-child\" data-index=\"3\">\t\t<div class=\"circle-icon-box circle-icon-position-top circle-icon-hide-box circle-icon-size-small\"><div class=\"circle-icon-wrapper\"><div class=\"circle-icon\"><div class=\"fa fa-motorcycle\" style=\"color: #ffcc00\"><\/div><\/div><\/div><h4 style=\"color: #000000\">Kategorija A<\/h4><p class=\"text\">Motocikli i te\u0161ki tricikli \u010dija snaga motora prelazi 15 kW. Mo\u017ee se polagati sa 24 godine ili ranije pod uslovom da kandidat ima 2 godine polo\u017eenu A2 kategoriju.<\/p><\/div><\/div><\/div><\/div><div id=\"pg-4-1\" class=\"panel-grid panel-no-style\"><div id=\"pgc-4-1-0\" class=\"panel-grid-cell\"><div id=\"panel-4-1-0-0\" class=\"so-panel widget widget_circleicon-widget panel-first-child panel-last-child\" data-index=\"4\">\t\t<div class=\"circle-icon-box circle-icon-position-top circle-icon-hide-box circle-icon-size-small\"><div class=\"circle-icon-wrapper\"><div class=\"circle-icon icon-style-set\" style=\"background-color: #ffcc00\"><div class=\"fa fa-car icon-color-set\" style=\"color: #333333\"><\/div><\/div><\/div><h4 style=\"color: #000000\">Kategorija B<\/h4><p class=\"text\">Motorna vozila \u010dija najve\u0107a dozvoljena masa nije ve\u0107a od 3.500 kg i koja nemaju vi\u0161e od osam mesta za sedenje ne ra\u010dunaju\u0107i sedi\u0161te za voza\u010da. Mo\u017ee se polagati sa 17 godina.<\/p><\/div><\/div><\/div><div id=\"pgc-4-1-1\" class=\"panel-grid-cell\"><div id=\"panel-4-1-1-0\" class=\"so-panel widget widget_circleicon-widget panel-first-child panel-last-child\" data-index=\"5\">\t\t<div class=\"circle-icon-box circle-icon-position-top circle-icon-hide-box circle-icon-size-small\"><div class=\"circle-icon-wrapper\"><div class=\"circle-icon icon-style-set\" style=\"background-color: #ffcc00\"><div class=\"fa fa-truck icon-color-set\" style=\"color: #333333\"><\/div><\/div><\/div><h4 style=\"color: #000000\">Kategorija C<\/h4><p class=\"text\">Motorna vozila, \u010dija je najve\u0107a dozvoljena masa ve\u0107a od 3.500 kg. Mo\u017ee se polagati sa 21 godina.<\/p><\/div><\/div><\/div><div id=\"pgc-4-1-2\" class=\"panel-grid-cell\"><div id=\"panel-4-1-2-0\" class=\"so-panel widget widget_circleicon-widget panel-first-child panel-last-child\" data-index=\"6\">\t\t<div class=\"circle-icon-box circle-icon-position-top circle-icon-hide-box circle-icon-size-small\"><div class=\"circle-icon-wrapper\"><div class=\"circle-icon icon-style-set\" style=\"background-color: #ffcc00\"><div class=\"fa fa-truck icon-color-set\" style=\"color: #333333\"><\/div><\/div><\/div><h4 style=\"color: #000000\">Kategorija CE<\/h4><p class=\"text\">Skup vozila \u010dije vu\u010dno vozilo pripada kategoriji C, a najve\u0107a dozvoljena masa priklju\u010dnog vozila je ve\u0107a od 750 kg. Mo\u017ee se polagati sa 21 godina.<\/p><\/div><\/div><\/div><div id=\"pgc-4-1-3\" class=\"panel-grid-cell\"><div id=\"panel-4-1-3-0\" class=\"so-panel widget widget_circleicon-widget panel-first-child panel-last-child\" data-index=\"7\">\t\t<div class=\"circle-icon-box circle-icon-position-top circle-icon-hide-box circle-icon-size-small\"><div class=\"circle-icon-wrapper\"><div class=\"circle-icon icon-style-set\" style=\"background-color: #ffcc00\"><div class=\"fa fa-wrench icon-color-set\" style=\"color: #333333\"><\/div><\/div><\/div><h4 style=\"color: #000000\">Kategorija F<\/h4><p class=\"text\">Traktori sa ili bez priklju\u010dnih vozila i dadne ma\u0161ine. Mo\u017ee se polagati sa 16 godina.<\/p><\/div><\/div><\/div><\/div><div id=\"pg-4-2\" class=\"panel-grid panel-has-style\"><div class=\"wide-grey panel-row-style panel-row-style-for-4-2\" style=\"background-color: #eeeeee;\"><div id=\"pgc-4-2-0\" class=\"panel-grid-cell\"><div id=\"panel-4-2-0-0\" class=\"so-panel widget widget_text panel-first-child\" data-index=\"8\"><div class=\"panel-widget-style panel-widget-style-for-4-2-0-0\">\t\t\t<div class=\"textwidget\"><h3 style=\"text-align: center;\"><strong><em>Raspored polaganja testova<br\/><\/em><\/strong><\/h3><\/div><\/div><\/div><div id=\"panel-4-2-0-1\" class=\"so-panel widget widget_sow-slider panel-last-child\" data-index=\"9\"><div class=\"so-widget-sow-slider so-widget-sow-slider-default-53fd0f98de19-4\">\t\t\t\t<div class=\"sow-slider-base\" style=\"display: none\"><ul class=\"sow-slider-images\" data-settings=\"{&quot;pagination&quot;:true,&quot;speed&quot;:800,&quot;timeout&quot;:8000,&quot;paused&quot;:false,&quot;pause_on_hover&quot;:false,&quot;swipe&quot;:true,&quot;nav_always_show_desktop&quot;:&quot;&quot;,&quot;nav_always_show_mobile&quot;:&quot;&quot;,&quot;breakpoint&quot;:&quot;780px&quot;,&quot;unmute&quot;:false,&quot;anchor&quot;:null}\" data-anchor-id=\"\"><\/ul><ol class=\"sow-slider-pagination\"><\/ol><div class=\"sow-slide-nav sow-slide-nav-next\"><a href=\"#\" data-goto=\"next\" aria-label=\"next slide\" data-action=\"next\"><em class=\"sow-sld-icon-thin-right\"><\/em><\/a><\/div><div class=\"sow-slide-nav sow-slide-nav-prev\"><a href=\"#\" data-goto=\"previous\" aria-label=\"previous slide\" data-action=\"prev\"><em class=\"sow-sld-icon-thin-left\"><\/em><\/a><\/div><\/div><\/div><\/div><\/div><div id=\"pgc-4-2-1\" class=\"panel-grid-cell\"><div id=\"panel-4-2-1-0\" class=\"so-panel widget widget_sow-button panel-first-child panel-last-child\" data-index=\"10\"><div class=\"panel-widget-style panel-widget-style-for-4-2-1-0\"><div class=\"so-widget-sow-button so-widget-sow-button-atom-eaa51a902caf-4\"><div class=\"ow-button-base ow-button-align-center\"><a href=\"http:\/\/autoskolastop.com\/index.php\/termini-polaganja\/\" class=\"ow-icon-placement-left ow-button-hover\"><span><span class=\"sow-icon-fontawesome sow-fas\" data-sow-icon=\"\uf0a9\" aria-hidden=\"true\"><\/span> DETALJNIJE\t\t<\/span><\/a><\/div><\/div><\/div><\/div><\/div><\/div><\/div><div id=\"pg-4-3\" class=\"panel-grid panel-no-style\"><div id=\"pgc-4-3-0\" class=\"panel-grid-cell panel-grid-cell-empty\"><\/div><div id=\"pgc-4-3-1\" class=\"panel-grid-cell\"><div id=\"panel-4-3-1-0\" class=\"so-panel widget widget_sow-image panel-first-child panel-last-child\" data-index=\"11\"><div class=\"so-widget-sow-image so-widget-sow-image-default-8b5b6f678277-4\"><div class=\"sow-image-container\"><a href=\"https:\/\/servisi.euprava.gov.rs\/autoskole\/prijava\" target=\"_blank\" rel=\"noopener noreferrer\"><img src=\"https:\/\/autoskolastop.com\/wp-content\/uploads\/2017\/06\/iso-prijava.jpg\" width=\"341\" height=\"182\" srcset=\"https:\/\/autoskolastop.com\/wp-content\/uploads\/2017\/06\/iso-prijava.jpg 341w, https:\/\/autoskolastop.com\/wp-content\/uploads\/2017\/06\/iso-prijava-300x160.jpg 300w\" sizes=\"(max-width: 341px) 100vw, 341px\" alt=\"\" loading=\"lazy\" class=\"so-widget-image\"\/><\/a><\/div><\/div><\/div><\/div><\/div><\/div>","protected":false},"excerpt":{"rendered":"<p>Kategorija AMMopedi, laki tricikli, laki \u010detvorocikli. Mo\u017ee se polagati sa 16 godina. Kategorija A1Motocikli \u010dija radna zapremina motora nije ve\u0107a 125 cm3 i snage motora do 11 kW \u010diji odnos snage motora i mase vozila nije ve\u0107i od 0,1 kW\/kg i te\u0161ki tricikli \u010dija snaga motora ne prelazi 15 kW. Mo\u017ee se polagati sa 16 [&hellip;]<\/p>\n","protected":false},"author":1,"featured_media":0,"parent":0,"menu_order":0,"comment_status":"closed","ping_status":"closed","template":"home-panels.php","meta":[],"_links":{"self":[{"href":"https:\/\/autoskolastop.com\/index.php\/wp-json\/wp\/v2\/pages\/4"}],"collection":[{"href":"https:\/\/autoskolastop.com\/index.php\/wp-json\/wp\/v2\/pages"}],"about":[{"href":"https:\/\/autoskolastop.com\/index.php\/wp-json\/wp\/v2\/types\/page"}],"author":[{"embeddable":true,"href":"https:\/\/autoskolastop.com\/index.php\/wp-json\/wp\/v2\/users\/1"}],"replies":[{"embeddable":true,"href":"https:\/\/autoskolastop.com\/index.php\/wp-json\/wp\/v2\/comments?post=4"}],"version-history":[{"count":181,"href":"https:\/\/autoskolastop.com\/index.php\/wp-json\/wp\/v2\/pages\/4\/revisions"}],"predecessor-version":[{"id":4513,"href":"https:\/\/autoskolastop.com\/index.php\/wp-json\/wp\/v2\/pages\/4\/revisions\/4513"}],"wp:attachment":[{"href":"https:\/\/autoskolastop.com\/index.php\/wp-json\/wp\/v2\/media?parent=4"}],"curies":[{"name":"wp","href":"https:\/\/api.w.org\/{rel}","templated":true}]}}