{"id":266,"date":"2017-06-20T06:56:52","date_gmt":"2017-06-20T06:56:52","guid":{"rendered":"http:\/\/dev.actuel.rs\/projects\/stop\/?page_id=266"},"modified":"2023-10-12T12:21:03","modified_gmt":"2023-10-12T12:21:03","slug":"strucni-kadar","status":"publish","type":"page","link":"https:\/\/autoskolastop.com\/index.php\/strucni-kadar\/","title":{"rendered":"Stru\u010dni kadar"},"content":{"rendered":"<div id=\"pl-266\" class=\"panel-layout\"><div id=\"pg-266-0\" class=\"panel-grid panel-has-style\"><div class=\"panel-row-style panel-row-style-for-266-0\"><div id=\"pgc-266-0-0\" class=\"panel-grid-cell panel-grid-cell-empty\"><\/div><\/div><\/div><div id=\"pg-266-1\" class=\"panel-grid panel-has-style\"><div class=\"panel-row-style panel-row-style-for-266-1\"><div id=\"pgc-266-1-0\" class=\"panel-grid-cell\"><div id=\"panel-266-1-0-0\" class=\"so-panel widget widget_siteorigin-panels-builder panel-first-child panel-last-child\" data-index=\"0\"><div id=\"pl-w6527e4afb65b2\" class=\"panel-layout\"><div id=\"pg-w6527e4afb65b2-0\" class=\"panel-grid panel-no-style\"><div id=\"pgc-w6527e4afb65b2-0-0\" class=\"panel-grid-cell\"><div id=\"panel-w6527e4afb65b2-0-0-0\" class=\"so-panel widget widget_sow-image panel-first-child panel-last-child\" data-index=\"0\"><div class=\"so-widget-sow-image so-widget-sow-image-default-8b5b6f678277\"><div class=\"sow-image-container\"><img src=\"https:\/\/autoskolastop.com\/wp-content\/uploads\/2022\/02\/Ivan.jpg\" width=\"1072\" height=\"1440\" srcset=\"https:\/\/autoskolastop.com\/wp-content\/uploads\/2022\/02\/Ivan.jpg 1072w, https:\/\/autoskolastop.com\/wp-content\/uploads\/2022\/02\/Ivan-223x300.jpg 223w, https:\/\/autoskolastop.com\/wp-content\/uploads\/2022\/02\/Ivan-762x1024.jpg 762w, https:\/\/autoskolastop.com\/wp-content\/uploads\/2022\/02\/Ivan-768x1032.jpg 768w\" sizes=\"(max-width: 1072px) 100vw, 1072px\" alt=\"\" loading=\"lazy\" class=\"so-widget-image\"\/><\/div><\/div><\/div><\/div><div id=\"pgc-w6527e4afb65b2-0-1\" class=\"panel-grid-cell\"><div id=\"panel-w6527e4afb65b2-0-1-0\" class=\"so-panel widget widget_text panel-first-child panel-last-child\" data-index=\"1\"><h3 class=\"widget-title\">Ivan Gavrilov<\/h3><div class=\"textwidget\"><p><strong>Instruktor vo\u017enje AM, A1, A2, A, B1, B, C, CE, F, M<br\/><\/strong><\/p><p>\u00a0<\/p><div style=\"float: left; width: 100%; margin: 0 0 -30px 0; color: #3c76be; border-bottom: 1px dashed #ddd;\"><strong>\u00a0<\/strong><\/div><\/div><\/div><\/div><\/div><\/div><\/div><\/div><\/div><\/div><div id=\"pg-266-2\" class=\"panel-grid panel-has-style\"><div class=\"panel-row-style panel-row-style-for-266-2\"><div id=\"pgc-266-2-0\" class=\"panel-grid-cell\"><div id=\"panel-266-2-0-0\" class=\"so-panel widget widget_siteorigin-panels-builder panel-first-child panel-last-child\" data-index=\"1\"><div id=\"pl-w6527e4afba6ba\" class=\"panel-layout\"><div id=\"pg-w6527e4afba6ba-0\" class=\"panel-grid panel-no-style\"><div id=\"pgc-w6527e4afba6ba-0-0\" class=\"panel-grid-cell\"><div id=\"panel-w6527e4afba6ba-0-0-0\" class=\"so-panel widget widget_sow-image panel-first-child panel-last-child\" data-index=\"0\"><div class=\"so-widget-sow-image so-widget-sow-image-default-8b5b6f678277\"><div class=\"sow-image-container\"><img src=\"https:\/\/autoskolastop.com\/wp-content\/uploads\/2022\/02\/20210112_1335411.jpg\" width=\"1949\" height=\"2261\" srcset=\"https:\/\/autoskolastop.com\/wp-content\/uploads\/2022\/02\/20210112_1335411.jpg 1949w, https:\/\/autoskolastop.com\/wp-content\/uploads\/2022\/02\/20210112_1335411-259x300.jpg 259w, https:\/\/autoskolastop.com\/wp-content\/uploads\/2022\/02\/20210112_1335411-883x1024.jpg 883w, https:\/\/autoskolastop.com\/wp-content\/uploads\/2022\/02\/20210112_1335411-768x891.jpg 768w, https:\/\/autoskolastop.com\/wp-content\/uploads\/2022\/02\/20210112_1335411-1324x1536.jpg 1324w, https:\/\/autoskolastop.com\/wp-content\/uploads\/2022\/02\/20210112_1335411-1765x2048.jpg 1765w\" sizes=\"(max-width: 1949px) 100vw, 1949px\" title=\"20210112_133541(1)\" alt=\"\" loading=\"lazy\" class=\"so-widget-image\"\/><\/div><\/div><\/div><\/div><div id=\"pgc-w6527e4afba6ba-0-1\" class=\"panel-grid-cell\"><div id=\"panel-w6527e4afba6ba-0-1-0\" class=\"so-panel widget widget_text panel-first-child panel-last-child\" data-index=\"1\"><h3 class=\"widget-title\">I\u0161tvan \u0160kabla<\/h3><div class=\"textwidget\"><p>Instruktor vo\u017enje B1, B<\/p><\/div><\/div><\/div><\/div><\/div><\/div><\/div><\/div><\/div><div id=\"pg-266-3\" class=\"panel-grid panel-has-style\"><div class=\"panel-row-style panel-row-style-for-266-3\"><div id=\"pgc-266-3-0\" class=\"panel-grid-cell\"><div id=\"panel-266-3-0-0\" class=\"so-panel widget widget_siteorigin-panels-builder panel-first-child panel-last-child\" data-index=\"2\"><div id=\"pl-w6527e4afbe860\" class=\"panel-layout\"><div id=\"pg-w6527e4afbe860-0\" class=\"panel-grid panel-no-style\"><div id=\"pgc-w6527e4afbe860-0-0\" class=\"panel-grid-cell\"><div id=\"panel-w6527e4afbe860-0-0-0\" class=\"so-panel widget widget_sow-image panel-first-child panel-last-child\" data-index=\"0\"><div class=\"so-widget-sow-image so-widget-sow-image-default-8b5b6f678277\"><div class=\"sow-image-container\"><img src=\"https:\/\/autoskolastop.com\/wp-content\/uploads\/2022\/02\/marko.jpg\" width=\"1779\" height=\"2015\" srcset=\"https:\/\/autoskolastop.com\/wp-content\/uploads\/2022\/02\/marko.jpg 1779w, https:\/\/autoskolastop.com\/wp-content\/uploads\/2022\/02\/marko-265x300.jpg 265w, https:\/\/autoskolastop.com\/wp-content\/uploads\/2022\/02\/marko-904x1024.jpg 904w, https:\/\/autoskolastop.com\/wp-content\/uploads\/2022\/02\/marko-768x870.jpg 768w, https:\/\/autoskolastop.com\/wp-content\/uploads\/2022\/02\/marko-1356x1536.jpg 1356w\" sizes=\"(max-width: 1779px) 100vw, 1779px\" alt=\"\" loading=\"lazy\" class=\"so-widget-image\"\/><\/div><\/div><\/div><\/div><div id=\"pgc-w6527e4afbe860-0-1\" class=\"panel-grid-cell\"><div id=\"panel-w6527e4afbe860-0-1-0\" class=\"so-panel widget widget_text panel-first-child panel-last-child\" data-index=\"1\"><h3 class=\"widget-title\">Marko Golu\u0161in<\/h3><div class=\"textwidget\"><p><strong>Dipl. ing. saobra\u0107aja<br\/><\/strong><\/p><p><strong>Predava\u010d teorijske nastave<\/strong><\/p><p><strong>Ispitiva\u010d teorijskog i prakti\u010dnog ispita<\/strong><\/p><p><strong>Instruktor vo\u017enje i ispitiva\u010d svih kategorija<br\/><\/strong><\/p><p>\u00a0<\/p><p><strong>tel:\u00a0064-899-08-49<\/strong><\/p><\/div><\/div><\/div><\/div><\/div><\/div><\/div><\/div><\/div><div id=\"pg-266-4\" class=\"panel-grid panel-has-style\"><div class=\"panel-row-style panel-row-style-for-266-4\"><div id=\"pgc-266-4-0\" class=\"panel-grid-cell panel-grid-cell-empty\"><\/div><\/div><\/div><div id=\"pg-266-5\" class=\"panel-grid panel-has-style\"><div class=\"panel-row-style panel-row-style-for-266-5\"><div id=\"pgc-266-5-0\" class=\"panel-grid-cell panel-grid-cell-empty\"><\/div><\/div><\/div><div id=\"pg-266-6\" class=\"panel-grid panel-no-style\"><div id=\"pgc-266-6-0\" class=\"panel-grid-cell panel-grid-cell-empty\"><\/div><\/div><\/div>","protected":false},"excerpt":{"rendered":"<p>Ivan GavrilovInstruktor vo\u017enje AM, A1, A2, A, B1, B, C, CE, F, M\u00a0\u00a0I\u0161tvan \u0160kablaInstruktor vo\u017enje B1, BMarko Golu\u0161inDipl. ing. saobra\u0107ajaPredava\u010d teorijske nastaveIspitiva\u010d teorijskog i prakti\u010dnog ispitaInstruktor vo\u017enje i ispitiva\u010d svih kategorija\u00a0tel:\u00a0064-899-08-49<\/p>\n","protected":false},"author":1,"featured_media":0,"parent":0,"menu_order":0,"comment_status":"closed","ping_status":"closed","template":"","meta":[],"_links":{"self":[{"href":"https:\/\/autoskolastop.com\/index.php\/wp-json\/wp\/v2\/pages\/266"}],"collection":[{"href":"https:\/\/autoskolastop.com\/index.php\/wp-json\/wp\/v2\/pages"}],"about":[{"href":"https:\/\/autoskolastop.com\/index.php\/wp-json\/wp\/v2\/types\/page"}],"author":[{"embeddable":true,"href":"https:\/\/autoskolastop.com\/index.php\/wp-json\/wp\/v2\/users\/1"}],"replies":[{"embeddable":true,"href":"https:\/\/autoskolastop.com\/index.php\/wp-json\/wp\/v2\/comments?post=266"}],"version-history":[{"count":150,"href":"https:\/\/autoskolastop.com\/index.php\/wp-json\/wp\/v2\/pages\/266\/revisions"}],"predecessor-version":[{"id":4630,"href":"https:\/\/autoskolastop.com\/index.php\/wp-json\/wp\/v2\/pages\/266\/revisions\/4630"}],"wp:attachment":[{"href":"https:\/\/autoskolastop.com\/index.php\/wp-json\/wp\/v2\/media?parent=266"}],"curies":[{"name":"wp","href":"https:\/\/api.w.org\/{rel}","templated":true}]}}