{"id":2,"date":"2017-06-12T10:23:31","date_gmt":"2017-06-12T10:23:31","guid":{"rendered":"http:\/\/dev.actuel.rs\/projects\/stop\/?page_id=2"},"modified":"2023-01-11T14:50:34","modified_gmt":"2023-01-11T14:50:34","slug":"o-nama","status":"publish","type":"page","link":"https:\/\/autoskolastop.com\/index.php\/o-nama\/","title":{"rendered":"O nama"},"content":{"rendered":"<div id=\"pl-2\" class=\"panel-layout\"><div id=\"pg-2-0\" class=\"panel-grid panel-no-style\"><div id=\"pgc-2-0-0\" class=\"panel-grid-cell\"><div id=\"panel-2-0-0-0\" class=\"so-panel widget widget_sow-editor panel-first-child panel-last-child\" data-index=\"0\"><div class=\"panel-widget-style panel-widget-style-for-2-0-0-0\"><div class=\"so-widget-sow-editor so-widget-sow-editor-base\"><div class=\"siteorigin-widget-tinymce textwidget\"><h1><em><strong>AUTO \u0160KOLA STOP\u00a0 KIKINDA<\/strong><\/em><\/h1><h2>Obezbe\u0111ujemo maksimalne uslove za obuku kandidata i raspola\u017eemo sopstvenim poligonom u dvori\u0161tu Auto \u0160kole. Jedini u okolini smo sa sopstvenim poligonom. Stru\u010dno\u0161\u0107u na\u0161eg predava\u010da i instruktora lako savladavate tehniku vo\u017enje i postajete savestan voza\u010d.<img decoding=\"async\" loading=\"lazy\" class=\"alignnone size-medium wp-image-2670\" src=\"http:\/\/autoskolastop.com\/wp-content\/uploads\/2022\/02\/instruktori-300x287.jpg\" alt=\"\" width=\"300\" height=\"287\" srcset=\"\"\/><\/h2><p><img decoding=\"async\" loading=\"lazy\" class=\"alignnone size-medium wp-image-2663\" src=\"http:\/\/autoskolastop.com\/wp-content\/uploads\/2022\/02\/poligon-225x300.jpg\" alt=\"\" width=\"225\" height=\"300\" srcset=\"https:\/\/autoskolastop.com\/wp-content\/uploads\/2022\/02\/poligon-225x300.jpg 225w, https:\/\/autoskolastop.com\/wp-content\/uploads\/2022\/02\/poligon-768x1024.jpg 768w, https:\/\/autoskolastop.com\/wp-content\/uploads\/2022\/02\/poligon-1152x1536.jpg 1152w, https:\/\/autoskolastop.com\/wp-content\/uploads\/2022\/02\/poligon.jpg 1536w\" sizes=\"(max-width: 225px) 100vw, 225px\"\/><\/p><p><img decoding=\"async\" loading=\"lazy\" class=\"alignnone size-medium wp-image-2673\" src=\"http:\/\/autoskolastop.com\/wp-content\/uploads\/2022\/02\/poligon--300x225.jpg\" alt=\"\" width=\"300\" height=\"225\" srcset=\"\"\/>.<\/p><h2>Obuka se vr\u0161i na novim vozilima \u0161to dodatno pove\u0107ava bezbednost na\u0161ih kandidata i \u010dini obuku udobnijom i sigurnijom.<\/h2><h2>Odlo\u017eeno pla\u0107anje na 15 mese\u010dnih rata. Uverite se u na\u0161 kvalitet. Da vam obuka bude TOP, do\u0111ite u Auto \u0160kolu STOP.<\/h2><p>\u00a0<\/p><p><\/p><\/div><\/div><\/div><\/div><\/div><\/div><\/div><p><a class=\"more-link\" href=\"https:\/\/autoskolastop.com\/index.php\/o-nama\/\">\u041d\u0430\u0441\u0442\u0430\u0432\u0438 \u0447\u0438\u0442\u0430\u045a\u0435 <span class=\"meta-nav\">\u2192<\/span><\/a><\/p>","protected":false},"excerpt":{"rendered":"<p>AUTO \u0160KOLA STOP\u00a0 KIKINDA Obezbe\u0111ujemo maksimalne uslove za obuku kandidata i raspola\u017eemo sopstvenim poligonom u dvori\u0161tu Auto \u0160kole. Jedini u okolini smo sa sopstvenim poligonom. Stru\u010dno\u0161\u0107u na\u0161eg predava\u010da i instruktora lako savladavate tehniku vo\u017enje i postajete savestan voza\u010d. . Obuka se vr\u0161i na novim vozilima \u0161to dodatno pove\u0107ava bezbednost na\u0161ih kandidata i \u010dini obuku udobnijom [&hellip;]<\/p>\n","protected":false},"author":1,"featured_media":2669,"parent":0,"menu_order":0,"comment_status":"closed","ping_status":"closed","template":"","meta":[],"_links":{"self":[{"href":"https:\/\/autoskolastop.com\/index.php\/wp-json\/wp\/v2\/pages\/2"}],"collection":[{"href":"https:\/\/autoskolastop.com\/index.php\/wp-json\/wp\/v2\/pages"}],"about":[{"href":"https:\/\/autoskolastop.com\/index.php\/wp-json\/wp\/v2\/types\/page"}],"author":[{"embeddable":true,"href":"https:\/\/autoskolastop.com\/index.php\/wp-json\/wp\/v2\/users\/1"}],"replies":[{"embeddable":true,"href":"https:\/\/autoskolastop.com\/index.php\/wp-json\/wp\/v2\/comments?post=2"}],"version-history":[{"count":58,"href":"https:\/\/autoskolastop.com\/index.php\/wp-json\/wp\/v2\/pages\/2\/revisions"}],"predecessor-version":[{"id":4275,"href":"https:\/\/autoskolastop.com\/index.php\/wp-json\/wp\/v2\/pages\/2\/revisions\/4275"}],"wp:featuredmedia":[{"embeddable":true,"href":"https:\/\/autoskolastop.com\/index.php\/wp-json\/wp\/v2\/media\/2669"}],"wp:attachment":[{"href":"https:\/\/autoskolastop.com\/index.php\/wp-json\/wp\/v2\/media?parent=2"}],"curies":[{"name":"wp","href":"https:\/\/api.w.org\/{rel}","templated":true}]}}